{"id":14905,"date":"2020-11-19T07:27:40","date_gmt":"2020-11-19T07:27:40","guid":{"rendered":"https:\/\/marruecosaventuraviejes.com\/faq\/"},"modified":"2023-02-15T00:47:49","modified_gmt":"2023-02-15T00:47:49","slug":"faq","status":"publish","type":"page","link":"https:\/\/marruecosaventuraviejes.com\/es\/faq\/","title":{"rendered":"Faq"},"content":{"rendered":"\t\t<div data-elementor-type=\"wp-page\" data-elementor-id=\"14905\" class=\"elementor elementor-14905 elementor-1005\" data-elementor-post-type=\"page\">\n\t\t\t\t\t\t<div class=\"elementor-section elementor-top-section elementor-element elementor-element-12b7704 elementor-section-stretched elementor-section-boxed elementor-section-height-default elementor-section-height-default\" data-id=\"12b7704\" data-element_type=\"section\" data-settings=\"{&quot;stretch_section&quot;:&quot;section-stretched&quot;,&quot;background_background&quot;:&quot;classic&quot;,&quot;background_motion_fx_motion_fx_scrolling&quot;:&quot;yes&quot;,&quot;background_motion_fx_translateY_effect&quot;:&quot;yes&quot;,&quot;background_motion_fx_translateY_speed&quot;:{&quot;unit&quot;:&quot;px&quot;,&quot;size&quot;:4,&quot;sizes&quot;:[]},&quot;background_motion_fx_translateY_affectedRange&quot;:{&quot;unit&quot;:&quot;%&quot;,&quot;size&quot;:&quot;&quot;,&quot;sizes&quot;:{&quot;start&quot;:0,&quot;end&quot;:100}},&quot;background_motion_fx_devices&quot;:[&quot;desktop&quot;,&quot;tablet&quot;,&quot;mobile&quot;]}\">\n\t\t\t\t\t\t<div class=\"elementor-container elementor-column-gap-no\">\n\t\t\t\t\t<div class=\"elementor-column elementor-col-100 elementor-top-column elementor-element elementor-element-ff966aa\" data-id=\"ff966aa\" data-element_type=\"column\">\n\t\t\t<div class=\"elementor-widget-wrap elementor-element-populated\">\n\t\t\t\t\t\t<section class=\"elementor-section elementor-inner-section elementor-element elementor-element-461827e elementor-section-boxed elementor-section-height-default elementor-section-height-default\" data-id=\"461827e\" data-element_type=\"section\">\n\t\t\t\t\t\t<div class=\"elementor-container elementor-column-gap-default\">\n\t\t\t\t\t<div class=\"elementor-column elementor-col-50 elementor-inner-column elementor-element elementor-element-2219c2f\" data-id=\"2219c2f\" data-element_type=\"column\">\n\t\t\t<div class=\"elementor-widget-wrap elementor-element-populated\">\n\t\t\t\t\t\t<div class=\"elementor-element elementor-element-b06ebab elementor-view-default elementor-widget elementor-widget-icon\" data-id=\"b06ebab\" data-element_type=\"widget\" data-widget_type=\"icon.default\">\n\t\t\t\t\t\t\t<div class=\"elementor-icon-wrapper\">\n\t\t\t<div class=\"elementor-icon\">\n\t\t\t<i aria-hidden=\"true\" class=\"fas fa-map-signs\"><\/i>\t\t\t<\/div>\n\t\t<\/div>\n\t\t\t\t\t\t<\/div>\n\t\t\t\t\t<\/div>\n\t\t<\/div>\n\t\t\t\t<div class=\"elementor-column elementor-col-50 elementor-inner-column elementor-element elementor-element-6501c5c\" data-id=\"6501c5c\" data-element_type=\"column\">\n\t\t\t<div class=\"elementor-widget-wrap elementor-element-populated\">\n\t\t\t\t\t\t<div class=\"elementor-element elementor-element-e786413 elementor-widget elementor-widget-heading\" data-id=\"e786413\" data-element_type=\"widget\" data-widget_type=\"heading.default\">\n\t\t\t\t\t<h2 class=\"elementor-heading-title elementor-size-default\">Consulte nuestras preguntas frecuentes para encontrar todas las respuestas a sus dudas antes de viajar<\/h2>\t\t\t\t<\/div>\n\t\t\t\t\t<\/div>\n\t\t<\/div>\n\t\t\t\t\t<\/div>\n\t\t<\/section>\n\t\t\t\t<div class=\"elementor-element elementor-element-6351e7b style-theme-yes elementor-widget elementor-widget-accordion\" data-id=\"6351e7b\" data-element_type=\"widget\" data-widget_type=\"accordion.default\">\n\t\t\t\t\t\t\t<div class=\"elementor-accordion\">\n\t\t\t\t\t\t\t<div class=\"elementor-accordion-item\">\n\t\t\t\t\t<div id=\"elementor-tab-title-1041\" class=\"elementor-tab-title\" data-tab=\"1\" role=\"button\" aria-controls=\"elementor-tab-content-1041\" aria-expanded=\"false\">\n\t\t\t\t\t\t\t\t\t\t\t\t\t<span class=\"elementor-accordion-icon elementor-accordion-icon-left\" aria-hidden=\"true\">\n\t\t\t\t\t\t\t\t\t\t\t\t\t\t\t<span class=\"elementor-accordion-icon-closed\"><\/span>\n\t\t\t\t\t\t\t\t<span class=\"elementor-accordion-icon-opened\"><i class=\"fas fa-book-open\"><\/i><\/span>\n\t\t\t\t\t\t\t\t\t\t\t\t\t\t<\/span>\n\t\t\t\t\t\t\t\t\t\t\t\t<a class=\"elementor-accordion-title\" tabindex=\"0\">C\u00f3mo conseguir una tarjeta SIM en Marruecos?<\/a>\n\t\t\t\t\t<\/div>\n\t\t\t\t\t<div id=\"elementor-tab-content-1041\" class=\"elementor-tab-content elementor-clearfix\" data-tab=\"1\" role=\"region\" aria-labelledby=\"elementor-tab-title-1041\"><p><span style=\"color: #ffffff;\">A su llegada al aeropuerto, puede obtener gratuitamente una tarjeta SIM en las peque\u00f1as tiendas disponibles. Si no ha podido hacerlo, tambi\u00e9n puede adquirir tarjetas SIM por 20 MAD (equivalentes a 2 EUR o 2,12 USD) en cualquier tienda de telefon\u00eda.<\/span><\/p>\n<\/div>\n\t\t\t\t<\/div>\n\t\t\t\t\t\t\t<div class=\"elementor-accordion-item\">\n\t\t\t\t\t<div id=\"elementor-tab-title-1042\" class=\"elementor-tab-title\" data-tab=\"2\" role=\"button\" aria-controls=\"elementor-tab-content-1042\" aria-expanded=\"false\">\n\t\t\t\t\t\t\t\t\t\t\t\t\t<span class=\"elementor-accordion-icon elementor-accordion-icon-left\" aria-hidden=\"true\">\n\t\t\t\t\t\t\t\t\t\t\t\t\t\t\t<span class=\"elementor-accordion-icon-closed\"><\/span>\n\t\t\t\t\t\t\t\t<span class=\"elementor-accordion-icon-opened\"><i class=\"fas fa-book-open\"><\/i><\/span>\n\t\t\t\t\t\t\t\t\t\t\t\t\t\t<\/span>\n\t\t\t\t\t\t\t\t\t\t\t\t<a class=\"elementor-accordion-title\" tabindex=\"0\">Qu\u00e9 tipo de veh\u00edculos circulan?<\/a>\n\t\t\t\t\t<\/div>\n\t\t\t\t\t<div id=\"elementor-tab-content-1042\" class=\"elementor-tab-content elementor-clearfix\" data-tab=\"2\" role=\"region\" aria-labelledby=\"elementor-tab-title-1042\"><p><span style=\"color: #ffffff;\">Morocco Travels Tour ofrece una gran variedad de veh\u00edculos para adaptarse a grupos de distintos tama\u00f1os y tipos de viaje, como 4&#215;4, minibuses, furgonetas y autocares. T\u00fa eliges.<\/span><\/p>\n<\/div>\n\t\t\t\t<\/div>\n\t\t\t\t\t\t\t<div class=\"elementor-accordion-item\">\n\t\t\t\t\t<div id=\"elementor-tab-title-1043\" class=\"elementor-tab-title\" data-tab=\"3\" role=\"button\" aria-controls=\"elementor-tab-content-1043\" aria-expanded=\"false\">\n\t\t\t\t\t\t\t\t\t\t\t\t\t<span class=\"elementor-accordion-icon elementor-accordion-icon-left\" aria-hidden=\"true\">\n\t\t\t\t\t\t\t\t\t\t\t\t\t\t\t<span class=\"elementor-accordion-icon-closed\"><\/span>\n\t\t\t\t\t\t\t\t<span class=\"elementor-accordion-icon-opened\"><i class=\"fas fa-book-open\"><\/i><\/span>\n\t\t\t\t\t\t\t\t\t\t\t\t\t\t<\/span>\n\t\t\t\t\t\t\t\t\t\t\t\t<a class=\"elementor-accordion-title\" tabindex=\"0\">\u00bfLos vuelos est\u00e1n incluidos en el precio?<\/a>\n\t\t\t\t\t<\/div>\n\t\t\t\t\t<div id=\"elementor-tab-content-1043\" class=\"elementor-tab-content elementor-clearfix\" data-tab=\"3\" role=\"region\" aria-labelledby=\"elementor-tab-title-1043\"><p><span style=\"color: #ffffff;\">Los vuelos y los transbordadores no est\u00e1n incluidos en nuestros circuitos.<\/span><\/p>\n<\/div>\n\t\t\t\t<\/div>\n\t\t\t\t\t\t\t<div class=\"elementor-accordion-item\">\n\t\t\t\t\t<div id=\"elementor-tab-title-1044\" class=\"elementor-tab-title\" data-tab=\"4\" role=\"button\" aria-controls=\"elementor-tab-content-1044\" aria-expanded=\"false\">\n\t\t\t\t\t\t\t\t\t\t\t\t\t<span class=\"elementor-accordion-icon elementor-accordion-icon-left\" aria-hidden=\"true\">\n\t\t\t\t\t\t\t\t\t\t\t\t\t\t\t<span class=\"elementor-accordion-icon-closed\"><\/span>\n\t\t\t\t\t\t\t\t<span class=\"elementor-accordion-icon-opened\"><i class=\"fas fa-book-open\"><\/i><\/span>\n\t\t\t\t\t\t\t\t\t\t\t\t\t\t<\/span>\n\t\t\t\t\t\t\t\t\t\t\t\t<a class=\"elementor-accordion-title\" tabindex=\"0\">Se puede viajar durante el Ramad\u00e1n?<\/a>\n\t\t\t\t\t<\/div>\n\t\t\t\t\t<div id=\"elementor-tab-content-1044\" class=\"elementor-tab-content elementor-clearfix\" data-tab=\"4\" role=\"region\" aria-labelledby=\"elementor-tab-title-1044\"><p><span style=\"color: #ffffff;\">Al viajar a Marruecos durante el Ramad\u00e1n, es importante tener en cuenta que algunos alojamientos y restaurantes pueden tener disponibilidad limitada para las comidas. Es aconsejable comprobar si su alojamiento en las Ciudades Imperiales ofrece pensi\u00f3n completa (desayuno, comida y cena), ya que no todos lo hacen. En ciudades populares como Fez o Marrakech, hay muchos restaurantes abiertos para los turistas durante el Ramad\u00e1n, pero puede resultar m\u00e1s dif\u00edcil encontrar sitios para comer durante el d\u00eda en otras ciudades. Sin embargo, hay muchas opciones para cenar despu\u00e9s de la puesta de sol, cuando termina el ayuno. Si decide viajar durante el Ramad\u00e1n, se recomienda una excursi\u00f3n por el desierto, ya que los hoteles y las actividades suelen funcionar con normalidad.<\/span><\/p>\n<\/div>\n\t\t\t\t<\/div>\n\t\t\t\t\t\t\t<div class=\"elementor-accordion-item\">\n\t\t\t\t\t<div id=\"elementor-tab-title-1045\" class=\"elementor-tab-title\" data-tab=\"5\" role=\"button\" aria-controls=\"elementor-tab-content-1045\" aria-expanded=\"false\">\n\t\t\t\t\t\t\t\t\t\t\t\t\t<span class=\"elementor-accordion-icon elementor-accordion-icon-left\" aria-hidden=\"true\">\n\t\t\t\t\t\t\t\t\t\t\t\t\t\t\t<span class=\"elementor-accordion-icon-closed\"><\/span>\n\t\t\t\t\t\t\t\t<span class=\"elementor-accordion-icon-opened\"><i class=\"fas fa-book-open\"><\/i><\/span>\n\t\t\t\t\t\t\t\t\t\t\t\t\t\t<\/span>\n\t\t\t\t\t\t\t\t\t\t\t\t<a class=\"elementor-accordion-title\" tabindex=\"0\">\u00bfCu\u00e1l es la mejor \u00e9poca para viajar a Marruecos?<\/a>\n\t\t\t\t\t<\/div>\n\t\t\t\t\t<div id=\"elementor-tab-content-1045\" class=\"elementor-tab-content elementor-clearfix\" data-tab=\"5\" role=\"region\" aria-labelledby=\"elementor-tab-title-1045\"><p>La mejor \u00e9poca para visitar Marruecos <b>es oto\u00f1o (septiembre-noviembre) o principios de primavera (marzo-abril).<\/b> El clima es c\u00e1lido, pero evitar\u00e1 las temperaturas extremas del calor abrasador y las noches fr\u00edas. Sea cual sea la \u00e9poca del a\u00f1o en que decida visitarnos, Marruecos tiene algo especial.<\/p>\n<\/div>\n\t\t\t\t<\/div>\n\t\t\t\t\t\t\t<div class=\"elementor-accordion-item\">\n\t\t\t\t\t<div id=\"elementor-tab-title-1046\" class=\"elementor-tab-title\" data-tab=\"6\" role=\"button\" aria-controls=\"elementor-tab-content-1046\" aria-expanded=\"false\">\n\t\t\t\t\t\t\t\t\t\t\t\t\t<span class=\"elementor-accordion-icon elementor-accordion-icon-left\" aria-hidden=\"true\">\n\t\t\t\t\t\t\t\t\t\t\t\t\t\t\t<span class=\"elementor-accordion-icon-closed\"><\/span>\n\t\t\t\t\t\t\t\t<span class=\"elementor-accordion-icon-opened\"><i class=\"fas fa-book-open\"><\/i><\/span>\n\t\t\t\t\t\t\t\t\t\t\t\t\t\t<\/span>\n\t\t\t\t\t\t\t\t\t\t\t\t<a class=\"elementor-accordion-title\" tabindex=\"0\">\u00bfEs seguro viajar con ni\u00f1os?<\/a>\n\t\t\t\t\t<\/div>\n\t\t\t\t\t<div id=\"elementor-tab-content-1046\" class=\"elementor-tab-content elementor-clearfix\" data-tab=\"6\" role=\"region\" aria-labelledby=\"elementor-tab-title-1046\"><p><span style=\"color: #ffffff;\">Si est\u00e1 pensando en viajar a Marruecos con ni\u00f1os, es importante saber que la familia y los ni\u00f1os son muy valorados en la cultura marroqu\u00ed. Es habitual que las familias marroqu\u00edes tengan varios hijos y pasen mucho tiempo en la calle, por lo que puede estar seguro de que sus hijos ser\u00e1n bienvenidos. Sin embargo, es importante tener en cuenta que algunos productos para beb\u00e9s pueden no estar f\u00e1cilmente disponibles en determinadas zonas de Marruecos. Para evitarlo, se recomienda llevar productos de marcas espec\u00edficas antes de viajar. Si necesita comprar algo a su llegada, podr\u00e1 encontrar lo que necesite en las ciudades m\u00e1s grandes, como Casablanca, Marrakech u Ouarzazate, en supermercados como Marjane, Acima o Carrefour. Al planificar un viaje con ni\u00f1os, es importante tener en cuenta que los horarios de transporte pueden suponer un reto para ellos. Para que los ni\u00f1os disfruten m\u00e1s del viaje, lo mejor es elegir un recorrido con distancias m\u00e1s cortas y actividades variadas que les mantengan entretenidos.<\/span><\/p>\n<\/div>\n\t\t\t\t<\/div>\n\t\t\t\t\t\t\t\t<\/div>\n\t\t\t\t\t\t<\/div>\n\t\t\t\t\t<\/div>\n\t\t<\/div>\n\t\t\t\t\t<\/div>\n\t\t<\/div>\n\t\t\t\t<\/div>\n\t\t","protected":false},"excerpt":{"rendered":"<p>Consulte nuestras preguntas frecuentes para encontrar todas las respuestas a sus dudas antes de viajar C\u00f3mo conseguir una tarjeta SIM en Marruecos? A su llegada al aeropuerto, puede obtener gratuitamente una tarjeta SIM en las peque\u00f1as tiendas disponibles. Si no ha podido hacerlo, tambi\u00e9n puede adquirir tarjetas SIM por 20 MAD (equivalentes a 2 EUR [&hellip;]<\/p>\n","protected":false},"author":1,"featured_media":0,"parent":0,"menu_order":0,"comment_status":"closed","ping_status":"closed","template":"elementor_header_footer","meta":{"inline_featured_image":false,"footnotes":""},"class_list":["post-14905","page","type-page","status-publish","hentry"],"yoast_head":"<!-- This site is optimized with the Yoast SEO plugin v24.5 - https:\/\/yoast.com\/wordpress\/plugins\/seo\/ -->\n<title>Faq - Marruecos Aaventura Viejes<\/title>\n<meta name=\"robots\" content=\"index, follow, max-snippet:-1, max-image-preview:large, max-video-preview:-1\" \/>\n<link rel=\"canonical\" href=\"https:\/\/marruecosaventuraviejes.com\/es\/faq\/\" \/>\n<meta property=\"og:locale\" content=\"es_ES\" \/>\n<meta property=\"og:type\" content=\"article\" \/>\n<meta property=\"og:title\" content=\"Faq - Marruecos Aaventura Viejes\" \/>\n<meta property=\"og:description\" content=\"Consulte nuestras preguntas frecuentes para encontrar todas las respuestas a sus dudas antes de viajar C\u00f3mo conseguir una tarjeta SIM en Marruecos? A su llegada al aeropuerto, puede obtener gratuitamente una tarjeta SIM en las peque\u00f1as tiendas disponibles. Si no ha podido hacerlo, tambi\u00e9n puede adquirir tarjetas SIM por 20 MAD (equivalentes a 2 EUR [&hellip;]\" \/>\n<meta property=\"og:url\" content=\"https:\/\/marruecosaventuraviejes.com\/es\/faq\/\" \/>\n<meta property=\"og:site_name\" content=\"Marruecos Aaventura Viejes\" \/>\n<meta property=\"article:modified_time\" content=\"2023-02-15T00:47:49+00:00\" \/>\n<meta property=\"og:image\" content=\"https:\/\/marruecosaventuraviejes.com\/wp-content\/uploads\/2023\/01\/visitarmorruecos-1.png\" \/>\n\t<meta property=\"og:image:width\" content=\"6135\" \/>\n\t<meta property=\"og:image:height\" content=\"6143\" \/>\n\t<meta property=\"og:image:type\" content=\"image\/png\" \/>\n<meta name=\"twitter:card\" content=\"summary_large_image\" \/>\n<meta name=\"twitter:label1\" content=\"Tiempo de lectura\" \/>\n\t<meta name=\"twitter:data1\" content=\"2 minutos\" \/>\n<script type=\"application\/ld+json\" class=\"yoast-schema-graph\">{\"@context\":\"https:\/\/schema.org\",\"@graph\":[{\"@type\":\"WebPage\",\"@id\":\"https:\/\/marruecosaventuraviejes.com\/es\/faq\/\",\"url\":\"https:\/\/marruecosaventuraviejes.com\/es\/faq\/\",\"name\":\"Faq - Marruecos Aaventura Viejes\",\"isPartOf\":{\"@id\":\"https:\/\/marruecosaventuraviejes.com\/es\/#website\"},\"datePublished\":\"2020-11-19T07:27:40+00:00\",\"dateModified\":\"2023-02-15T00:47:49+00:00\",\"breadcrumb\":{\"@id\":\"https:\/\/marruecosaventuraviejes.com\/es\/faq\/#breadcrumb\"},\"inLanguage\":\"es\",\"potentialAction\":[{\"@type\":\"ReadAction\",\"target\":[\"https:\/\/marruecosaventuraviejes.com\/es\/faq\/\"]}]},{\"@type\":\"BreadcrumbList\",\"@id\":\"https:\/\/marruecosaventuraviejes.com\/es\/faq\/#breadcrumb\",\"itemListElement\":[{\"@type\":\"ListItem\",\"position\":1,\"name\":\"Home\",\"item\":\"https:\/\/marruecosaventuraviejes.com\/es\/visitarmorruecos\/\"},{\"@type\":\"ListItem\",\"position\":2,\"name\":\"Faq\"}]},{\"@type\":\"WebSite\",\"@id\":\"https:\/\/marruecosaventuraviejes.com\/es\/#website\",\"url\":\"https:\/\/marruecosaventuraviejes.com\/es\/\",\"name\":\"Visitar Morruecos\",\"description\":\"\",\"publisher\":{\"@id\":\"https:\/\/marruecosaventuraviejes.com\/es\/#organization\"},\"alternateName\":\"Visitar Morruecos\",\"potentialAction\":[{\"@type\":\"SearchAction\",\"target\":{\"@type\":\"EntryPoint\",\"urlTemplate\":\"https:\/\/marruecosaventuraviejes.com\/es\/?s={search_term_string}\"},\"query-input\":{\"@type\":\"PropertyValueSpecification\",\"valueRequired\":true,\"valueName\":\"search_term_string\"}}],\"inLanguage\":\"es\"},{\"@type\":\"Organization\",\"@id\":\"https:\/\/marruecosaventuraviejes.com\/es\/#organization\",\"name\":\"Visitar Morruecos\",\"url\":\"https:\/\/marruecosaventuraviejes.com\/es\/\",\"logo\":{\"@type\":\"ImageObject\",\"inLanguage\":\"es\",\"@id\":\"https:\/\/marruecosaventuraviejes.com\/es\/#\/schema\/logo\/image\/\",\"url\":\"https:\/\/marruecosaventuraviejes.com\/wp-content\/uploads\/2023\/01\/logo-vm.png\",\"contentUrl\":\"https:\/\/marruecosaventuraviejes.com\/wp-content\/uploads\/2023\/01\/logo-vm.png\",\"width\":7200,\"height\":3431,\"caption\":\"Visitar Morruecos\"},\"image\":{\"@id\":\"https:\/\/marruecosaventuraviejes.com\/es\/#\/schema\/logo\/image\/\"}}]}<\/script>\n<!-- \/ Yoast SEO plugin. -->","yoast_head_json":{"title":"Faq - Marruecos Aaventura Viejes","robots":{"index":"index","follow":"follow","max-snippet":"max-snippet:-1","max-image-preview":"max-image-preview:large","max-video-preview":"max-video-preview:-1"},"canonical":"https:\/\/marruecosaventuraviejes.com\/es\/faq\/","og_locale":"es_ES","og_type":"article","og_title":"Faq - Marruecos Aaventura Viejes","og_description":"Consulte nuestras preguntas frecuentes para encontrar todas las respuestas a sus dudas antes de viajar C\u00f3mo conseguir una tarjeta SIM en Marruecos? A su llegada al aeropuerto, puede obtener gratuitamente una tarjeta SIM en las peque\u00f1as tiendas disponibles. Si no ha podido hacerlo, tambi\u00e9n puede adquirir tarjetas SIM por 20 MAD (equivalentes a 2 EUR [&hellip;]","og_url":"https:\/\/marruecosaventuraviejes.com\/es\/faq\/","og_site_name":"Marruecos Aaventura Viejes","article_modified_time":"2023-02-15T00:47:49+00:00","og_image":[{"width":6135,"height":6143,"url":"https:\/\/marruecosaventuraviejes.com\/wp-content\/uploads\/2023\/01\/visitarmorruecos-1.png","type":"image\/png"}],"twitter_card":"summary_large_image","twitter_misc":{"Tiempo de lectura":"2 minutos"},"schema":{"@context":"https:\/\/schema.org","@graph":[{"@type":"WebPage","@id":"https:\/\/marruecosaventuraviejes.com\/es\/faq\/","url":"https:\/\/marruecosaventuraviejes.com\/es\/faq\/","name":"Faq - Marruecos Aaventura Viejes","isPartOf":{"@id":"https:\/\/marruecosaventuraviejes.com\/es\/#website"},"datePublished":"2020-11-19T07:27:40+00:00","dateModified":"2023-02-15T00:47:49+00:00","breadcrumb":{"@id":"https:\/\/marruecosaventuraviejes.com\/es\/faq\/#breadcrumb"},"inLanguage":"es","potentialAction":[{"@type":"ReadAction","target":["https:\/\/marruecosaventuraviejes.com\/es\/faq\/"]}]},{"@type":"BreadcrumbList","@id":"https:\/\/marruecosaventuraviejes.com\/es\/faq\/#breadcrumb","itemListElement":[{"@type":"ListItem","position":1,"name":"Home","item":"https:\/\/marruecosaventuraviejes.com\/es\/visitarmorruecos\/"},{"@type":"ListItem","position":2,"name":"Faq"}]},{"@type":"WebSite","@id":"https:\/\/marruecosaventuraviejes.com\/es\/#website","url":"https:\/\/marruecosaventuraviejes.com\/es\/","name":"Visitar Morruecos","description":"","publisher":{"@id":"https:\/\/marruecosaventuraviejes.com\/es\/#organization"},"alternateName":"Visitar Morruecos","potentialAction":[{"@type":"SearchAction","target":{"@type":"EntryPoint","urlTemplate":"https:\/\/marruecosaventuraviejes.com\/es\/?s={search_term_string}"},"query-input":{"@type":"PropertyValueSpecification","valueRequired":true,"valueName":"search_term_string"}}],"inLanguage":"es"},{"@type":"Organization","@id":"https:\/\/marruecosaventuraviejes.com\/es\/#organization","name":"Visitar Morruecos","url":"https:\/\/marruecosaventuraviejes.com\/es\/","logo":{"@type":"ImageObject","inLanguage":"es","@id":"https:\/\/marruecosaventuraviejes.com\/es\/#\/schema\/logo\/image\/","url":"https:\/\/marruecosaventuraviejes.com\/wp-content\/uploads\/2023\/01\/logo-vm.png","contentUrl":"https:\/\/marruecosaventuraviejes.com\/wp-content\/uploads\/2023\/01\/logo-vm.png","width":7200,"height":3431,"caption":"Visitar Morruecos"},"image":{"@id":"https:\/\/marruecosaventuraviejes.com\/es\/#\/schema\/logo\/image\/"}}]}},"_links":{"self":[{"href":"https:\/\/marruecosaventuraviejes.com\/es\/wp-json\/wp\/v2\/pages\/14905","targetHints":{"allow":["GET"]}}],"collection":[{"href":"https:\/\/marruecosaventuraviejes.com\/es\/wp-json\/wp\/v2\/pages"}],"about":[{"href":"https:\/\/marruecosaventuraviejes.com\/es\/wp-json\/wp\/v2\/types\/page"}],"author":[{"embeddable":true,"href":"https:\/\/marruecosaventuraviejes.com\/es\/wp-json\/wp\/v2\/users\/1"}],"replies":[{"embeddable":true,"href":"https:\/\/marruecosaventuraviejes.com\/es\/wp-json\/wp\/v2\/comments?post=14905"}],"version-history":[{"count":1,"href":"https:\/\/marruecosaventuraviejes.com\/es\/wp-json\/wp\/v2\/pages\/14905\/revisions"}],"predecessor-version":[{"id":14906,"href":"https:\/\/marruecosaventuraviejes.com\/es\/wp-json\/wp\/v2\/pages\/14905\/revisions\/14906"}],"wp:attachment":[{"href":"https:\/\/marruecosaventuraviejes.com\/es\/wp-json\/wp\/v2\/media?parent=14905"}],"curies":[{"name":"wp","href":"https:\/\/api.w.org\/{rel}","templated":true}]}}