{"id":14867,"date":"2023-01-03T15:28:30","date_gmt":"2023-01-03T15:28:30","guid":{"rendered":"https:\/\/marruecosaventuraviejes.com\/visita-personalizada\/"},"modified":"2023-02-17T15:53:08","modified_gmt":"2023-02-17T15:53:08","slug":"visita-personalizada","status":"publish","type":"page","link":"https:\/\/marruecosaventuraviejes.com\/es\/visita-personalizada\/","title":{"rendered":"Visita personalizada"},"content":{"rendered":"\t\t<div data-elementor-type=\"wp-page\" data-elementor-id=\"14867\" class=\"elementor elementor-14867 elementor-11482\" data-elementor-post-type=\"page\">\n\t\t\t\t\t\t<section class=\"elementor-section elementor-top-section elementor-element elementor-element-572a7ab elementor-section-boxed elementor-section-height-default elementor-section-height-default\" data-id=\"572a7ab\" data-element_type=\"section\" data-e-type=\"section\">\n\t\t\t\t\t\t<div class=\"elementor-container elementor-column-gap-default\">\n\t\t\t\t\t<div class=\"elementor-column elementor-col-100 elementor-top-column elementor-element elementor-element-262b5f8\" data-id=\"262b5f8\" data-element_type=\"column\" data-e-type=\"column\">\n\t\t\t<div class=\"elementor-widget-wrap elementor-element-populated\">\n\t\t\t\t\t\t<div class=\"elementor-element elementor-element-fa9e352 elementor-widget elementor-widget-spacer\" data-id=\"fa9e352\" data-element_type=\"widget\" data-e-type=\"widget\" data-widget_type=\"spacer.default\">\n\t\t\t\t\t\t\t<div class=\"elementor-spacer\">\n\t\t\t<div class=\"elementor-spacer-inner\"><\/div>\n\t\t<\/div>\n\t\t\t\t\t\t<\/div>\n\t\t\t\t<div class=\"elementor-element elementor-element-ea16457 elementor-widget elementor-widget-heading\" data-id=\"ea16457\" data-element_type=\"widget\" data-e-type=\"widget\" data-widget_type=\"heading.default\">\n\t\t\t\t\t<h2 class=\"elementor-heading-title elementor-size-default\">Excursi\u00f3n a Marruecos a medida<\/h2>\t\t\t\t<\/div>\n\t\t\t\t<div class=\"elementor-element elementor-element-4284e96 elementor-widget elementor-widget-text-editor\" data-id=\"4284e96\" data-element_type=\"widget\" data-e-type=\"widget\" data-widget_type=\"text-editor.default\">\n\t\t\t\t\t\t\t\t\t<p><strong>En Visitar Morruecos , priorizamos la comunicaci\u00f3n r\u00e1pida y eficaz con nuestros clientes. Nos esforzamos por responder a todas las consultas en el plazo de una hora y ofrecemos respuestas personalizadas y atentas a todos los correos electr\u00f3nicos y llamadas. Si no recibe nuestra respuesta en 24 horas, compruebe su carpeta de correo no deseado.<\/strong><\/p>\n<div class=\"w-full border-b border-black\/10 dark:border-gray-900\/50 text-gray-800 dark:text-gray-100 group bg-gray-50 dark:bg-[#444654]\">\n<div class=\"text-base gap-4 md:gap-6 m-auto md:max-w-2xl lg:max-w-2xl xl:max-w-3xl p-4 md:py-6 flex lg:px-0\">\n<div class=\"relative flex w-[calc(100%-50px)] md:flex-col lg:w-[calc(100%-115px)]\">\n<div class=\"flex flex-grow flex-col gap-3\">\n<div class=\"min-h-[20px] flex flex-col items-start gap-4 whitespace-pre-wrap\">\n<div class=\"markdown prose w-full break-words dark:prose-invert light\">\n<p><strong>Para conocer mejor sus necesidades y preferencias, le rogamos que rellene el siguiente formulario. Dependiendo de la naturaleza de su consulta, es posible que tengamos que hacerle m\u00e1s preguntas. Si nos facilita toda la informaci\u00f3n posible, nos aseguraremos de ofrecerle el mejor servicio posible y de confeccionar el itinerario perfecto para usted.<\/strong><\/p>\n<\/div>\n<\/div>\n<\/div>\n<div class=\"text-gray-400 flex self-end lg:self-center justify-center mt-2 gap-4 lg:gap-1 lg:absolute lg:top-0 lg:translate-x-full lg:right-0 lg:mt-0 lg:pl-2 visible\"> <\/div>\n<\/div>\n<\/div>\n<\/div>\n\t\t\t\t\t\t\t\t<\/div>\n\t\t\t\t<div class=\"elementor-element elementor-element-58ec410 elementor-button-align-start elementor-mobile-button-align-center elementor-widget elementor-widget-form\" data-id=\"58ec410\" data-element_type=\"widget\" data-e-type=\"widget\" data-settings=\"{&quot;step_next_label&quot;:&quot;Pr\\u00f3ximo&quot;,&quot;step_previous_label&quot;:&quot;Anterior&quot;,&quot;button_width&quot;:&quot;100&quot;,&quot;step_type&quot;:&quot;number_text&quot;,&quot;step_icon_shape&quot;:&quot;circle&quot;}\" data-widget_type=\"form.default\">\n\t\t\t\t\t\t\t<form class=\"elementor-form\" method=\"post\" name=\"Cont\u00e1ctenos\" aria-label=\"Cont\u00e1ctenos\">\n\t\t\t<input type=\"hidden\" name=\"post_id\" value=\"14867\"\/>\n\t\t\t<input type=\"hidden\" name=\"form_id\" value=\"58ec410\"\/>\n\t\t\t<input type=\"hidden\" name=\"referer_title\" value=\"Visita personalizada - Marruecos Aaventura Viejes\" \/>\n\n\t\t\t\t\t\t\t<input type=\"hidden\" name=\"queried_id\" value=\"14867\"\/>\n\t\t\t\n\t\t\t<div class=\"elementor-form-fields-wrapper elementor-labels-above\">\n\t\t\t\t\t\t\t\t<div class=\"elementor-field-type-text elementor-field-group elementor-column elementor-field-group-name elementor-col-100 elementor-field-required elementor-mark-required\">\n\t\t\t\t\t\t\t\t\t\t\t\t\t<input size=\"1\" type=\"text\" name=\"form_fields[name]\" id=\"form-field-name\" class=\"elementor-field elementor-size-sm  elementor-field-textual\" placeholder=\"Tu nombre *\" required=\"required\">\n\t\t\t\t\t\t\t\t\t\t\t<\/div>\n\t\t\t\t\t\t\t\t<div class=\"elementor-field-type-text elementor-field-group elementor-column elementor-field-group-field_0368a4e elementor-col-100 elementor-field-required elementor-mark-required\">\n\t\t\t\t\t\t\t\t\t\t\t\t\t<input size=\"1\" type=\"text\" name=\"form_fields[field_0368a4e]\" id=\"form-field-field_0368a4e\" class=\"elementor-field elementor-size-sm  elementor-field-textual\" placeholder=\"Pa\u00eds *\" required=\"required\">\n\t\t\t\t\t\t\t\t\t\t\t<\/div>\n\t\t\t\t\t\t\t\t<div class=\"elementor-field-type-text elementor-field-group elementor-column elementor-field-group-field_856b792 elementor-col-100 elementor-field-required elementor-mark-required\">\n\t\t\t\t\t\t\t\t\t\t\t\t\t<input size=\"1\" type=\"text\" name=\"form_fields[field_856b792]\" id=\"form-field-field_856b792\" class=\"elementor-field elementor-size-sm  elementor-field-textual\" placeholder=\"Fecha*\" required=\"required\">\n\t\t\t\t\t\t\t\t\t\t\t<\/div>\n\t\t\t\t\t\t\t\t<div class=\"elementor-field-type-text elementor-field-group elementor-column elementor-field-group-field_91eca23 elementor-col-100 elementor-field-required elementor-mark-required\">\n\t\t\t\t\t\t\t\t\t\t\t\t\t<input size=\"1\" type=\"text\" name=\"form_fields[field_91eca23]\" id=\"form-field-field_91eca23\" class=\"elementor-field elementor-size-sm  elementor-field-textual\" placeholder=\"Tipo de viaje *\" required=\"required\">\n\t\t\t\t\t\t\t\t\t\t\t<\/div>\n\t\t\t\t\t\t\t\t<div class=\"elementor-field-type-text elementor-field-group elementor-column elementor-field-group-field_6a25a72 elementor-col-100 elementor-field-required elementor-mark-required\">\n\t\t\t\t\t\t\t\t\t\t\t\t\t<input size=\"1\" type=\"text\" name=\"form_fields[field_6a25a72]\" id=\"form-field-field_6a25a72\" class=\"elementor-field elementor-size-sm  elementor-field-textual\" placeholder=\"N\u00famero de viajeros\" required=\"required\">\n\t\t\t\t\t\t\t\t\t\t\t<\/div>\n\t\t\t\t\t\t\t\t<div class=\"elementor-field-type-text elementor-field-group elementor-column elementor-field-group-field_9f2b90e elementor-col-100\">\n\t\t\t\t\t\t\t\t\t\t\t\t\t<input size=\"1\" type=\"text\" name=\"form_fields[field_9f2b90e]\" id=\"form-field-field_9f2b90e\" class=\"elementor-field elementor-size-sm  elementor-field-textual\" placeholder=\"Su tel\u00e9fono (opcional)\">\n\t\t\t\t\t\t\t\t\t\t\t<\/div>\n\t\t\t\t\t\t\t\t<div class=\"elementor-field-type-email elementor-field-group elementor-column elementor-field-group-email elementor-col-100 elementor-field-required elementor-mark-required\">\n\t\t\t\t\t\t\t\t\t\t\t\t\t<input size=\"1\" type=\"email\" name=\"form_fields[email]\" id=\"form-field-email\" class=\"elementor-field elementor-size-sm  elementor-field-textual\" placeholder=\"Su correo electr\u00f3nico *\" required=\"required\">\n\t\t\t\t\t\t\t\t\t\t\t<\/div>\n\t\t\t\t\t\t\t\t<div class=\"elementor-field-type-textarea elementor-field-group elementor-column elementor-field-group-message elementor-col-100 elementor-field-required elementor-mark-required\">\n\t\t\t\t\t<textarea class=\"elementor-field-textual elementor-field  elementor-size-sm\" name=\"form_fields[message]\" id=\"form-field-message\" rows=\"6\" placeholder=\"Mensaje\" required=\"required\"><\/textarea>\t\t\t\t<\/div>\n\t\t\t\t\t\t\t\t<div class=\"elementor-field-group elementor-column elementor-field-type-submit elementor-col-100 e-form__buttons\">\n\t\t\t\t\t<button class=\"elementor-button elementor-size-sm\" type=\"submit\">\n\t\t\t\t\t\t<span class=\"elementor-button-content-wrapper\">\n\t\t\t\t\t\t\t\t\t\t\t\t\t\t\t\t\t\t\t\t\t\t<span class=\"elementor-button-text\">Enviar<\/span>\n\t\t\t\t\t\t\t\t\t\t\t\t\t<\/span>\n\t\t\t\t\t<\/button>\n\t\t\t\t<\/div>\n\t\t\t<\/div>\n\t\t<\/form>\n\t\t\t\t\t\t<\/div>\n\t\t\t\t\t<\/div>\n\t\t<\/div>\n\t\t\t\t\t<\/div>\n\t\t<\/section>\n\t\t\t\t<\/div>\n\t\t","protected":false},"excerpt":{"rendered":"<p>Excursi\u00f3n a Marruecos a medida En Visitar Morruecos , priorizamos la comunicaci\u00f3n r\u00e1pida y eficaz con nuestros clientes. Nos esforzamos por responder a todas las consultas en el plazo de una hora y ofrecemos respuestas personalizadas y atentas a todos los correos electr\u00f3nicos y llamadas. Si no recibe nuestra respuesta en 24 horas, compruebe su [&hellip;]<\/p>\n","protected":false},"author":1,"featured_media":0,"parent":0,"menu_order":0,"comment_status":"closed","ping_status":"closed","template":"","meta":{"inline_featured_image":false,"footnotes":""},"class_list":["post-14867","page","type-page","status-publish","hentry"],"yoast_head":"<!-- This site is optimized with the Yoast SEO plugin v24.5 - https:\/\/yoast.com\/wordpress\/plugins\/seo\/ -->\n<title>Visita personalizada - Marruecos Aaventura Viejes<\/title>\n<meta name=\"robots\" content=\"index, follow, max-snippet:-1, max-image-preview:large, max-video-preview:-1\" \/>\n<link rel=\"canonical\" href=\"https:\/\/marruecosaventuraviejes.com\/es\/visita-personalizada\/\" \/>\n<meta property=\"og:locale\" content=\"es_ES\" \/>\n<meta property=\"og:type\" content=\"article\" \/>\n<meta property=\"og:title\" content=\"Visita personalizada - Marruecos Aaventura Viejes\" \/>\n<meta property=\"og:description\" content=\"Excursi\u00f3n a Marruecos a medida En Visitar Morruecos , priorizamos la comunicaci\u00f3n r\u00e1pida y eficaz con nuestros clientes. Nos esforzamos por responder a todas las consultas en el plazo de una hora y ofrecemos respuestas personalizadas y atentas a todos los correos electr\u00f3nicos y llamadas. Si no recibe nuestra respuesta en 24 horas, compruebe su [&hellip;]\" \/>\n<meta property=\"og:url\" content=\"https:\/\/marruecosaventuraviejes.com\/es\/visita-personalizada\/\" \/>\n<meta property=\"og:site_name\" content=\"Marruecos Aaventura Viejes\" \/>\n<meta property=\"article:modified_time\" content=\"2023-02-17T15:53:08+00:00\" \/>\n<meta property=\"og:image\" content=\"https:\/\/marruecosaventuraviejes.com\/wp-content\/uploads\/2023\/01\/visitarmorruecos-1.png\" \/>\n\t<meta property=\"og:image:width\" content=\"6135\" \/>\n\t<meta property=\"og:image:height\" content=\"6143\" \/>\n\t<meta property=\"og:image:type\" content=\"image\/png\" \/>\n<meta name=\"twitter:card\" content=\"summary_large_image\" \/>\n<meta name=\"twitter:label1\" content=\"Tiempo de lectura\" \/>\n\t<meta name=\"twitter:data1\" content=\"1 minuto\" \/>\n<script type=\"application\/ld+json\" class=\"yoast-schema-graph\">{\"@context\":\"https:\/\/schema.org\",\"@graph\":[{\"@type\":\"WebPage\",\"@id\":\"https:\/\/marruecosaventuraviejes.com\/es\/visita-personalizada\/\",\"url\":\"https:\/\/marruecosaventuraviejes.com\/es\/visita-personalizada\/\",\"name\":\"Visita personalizada - Marruecos Aaventura Viejes\",\"isPartOf\":{\"@id\":\"https:\/\/marruecosaventuraviejes.com\/es\/#website\"},\"datePublished\":\"2023-01-03T15:28:30+00:00\",\"dateModified\":\"2023-02-17T15:53:08+00:00\",\"breadcrumb\":{\"@id\":\"https:\/\/marruecosaventuraviejes.com\/es\/visita-personalizada\/#breadcrumb\"},\"inLanguage\":\"es\",\"potentialAction\":[{\"@type\":\"ReadAction\",\"target\":[\"https:\/\/marruecosaventuraviejes.com\/es\/visita-personalizada\/\"]}]},{\"@type\":\"BreadcrumbList\",\"@id\":\"https:\/\/marruecosaventuraviejes.com\/es\/visita-personalizada\/#breadcrumb\",\"itemListElement\":[{\"@type\":\"ListItem\",\"position\":1,\"name\":\"Home\",\"item\":\"https:\/\/marruecosaventuraviejes.com\/es\/visitarmorruecos\/\"},{\"@type\":\"ListItem\",\"position\":2,\"name\":\"Visita personalizada\"}]},{\"@type\":\"WebSite\",\"@id\":\"https:\/\/marruecosaventuraviejes.com\/es\/#website\",\"url\":\"https:\/\/marruecosaventuraviejes.com\/es\/\",\"name\":\"Visitar Morruecos\",\"description\":\"\",\"publisher\":{\"@id\":\"https:\/\/marruecosaventuraviejes.com\/es\/#organization\"},\"alternateName\":\"Visitar Morruecos\",\"potentialAction\":[{\"@type\":\"SearchAction\",\"target\":{\"@type\":\"EntryPoint\",\"urlTemplate\":\"https:\/\/marruecosaventuraviejes.com\/es\/?s={search_term_string}\"},\"query-input\":{\"@type\":\"PropertyValueSpecification\",\"valueRequired\":true,\"valueName\":\"search_term_string\"}}],\"inLanguage\":\"es\"},{\"@type\":\"Organization\",\"@id\":\"https:\/\/marruecosaventuraviejes.com\/es\/#organization\",\"name\":\"Visitar Morruecos\",\"url\":\"https:\/\/marruecosaventuraviejes.com\/es\/\",\"logo\":{\"@type\":\"ImageObject\",\"inLanguage\":\"es\",\"@id\":\"https:\/\/marruecosaventuraviejes.com\/es\/#\/schema\/logo\/image\/\",\"url\":\"https:\/\/marruecosaventuraviejes.com\/wp-content\/uploads\/2023\/01\/logo-vm.png\",\"contentUrl\":\"https:\/\/marruecosaventuraviejes.com\/wp-content\/uploads\/2023\/01\/logo-vm.png\",\"width\":7200,\"height\":3431,\"caption\":\"Visitar Morruecos\"},\"image\":{\"@id\":\"https:\/\/marruecosaventuraviejes.com\/es\/#\/schema\/logo\/image\/\"}}]}<\/script>\n<!-- \/ Yoast SEO plugin. -->","yoast_head_json":{"title":"Visita personalizada - Marruecos Aaventura Viejes","robots":{"index":"index","follow":"follow","max-snippet":"max-snippet:-1","max-image-preview":"max-image-preview:large","max-video-preview":"max-video-preview:-1"},"canonical":"https:\/\/marruecosaventuraviejes.com\/es\/visita-personalizada\/","og_locale":"es_ES","og_type":"article","og_title":"Visita personalizada - Marruecos Aaventura Viejes","og_description":"Excursi\u00f3n a Marruecos a medida En Visitar Morruecos , priorizamos la comunicaci\u00f3n r\u00e1pida y eficaz con nuestros clientes. Nos esforzamos por responder a todas las consultas en el plazo de una hora y ofrecemos respuestas personalizadas y atentas a todos los correos electr\u00f3nicos y llamadas. Si no recibe nuestra respuesta en 24 horas, compruebe su [&hellip;]","og_url":"https:\/\/marruecosaventuraviejes.com\/es\/visita-personalizada\/","og_site_name":"Marruecos Aaventura Viejes","article_modified_time":"2023-02-17T15:53:08+00:00","og_image":[{"width":6135,"height":6143,"url":"https:\/\/marruecosaventuraviejes.com\/wp-content\/uploads\/2023\/01\/visitarmorruecos-1.png","type":"image\/png"}],"twitter_card":"summary_large_image","twitter_misc":{"Tiempo de lectura":"1 minuto"},"schema":{"@context":"https:\/\/schema.org","@graph":[{"@type":"WebPage","@id":"https:\/\/marruecosaventuraviejes.com\/es\/visita-personalizada\/","url":"https:\/\/marruecosaventuraviejes.com\/es\/visita-personalizada\/","name":"Visita personalizada - Marruecos Aaventura Viejes","isPartOf":{"@id":"https:\/\/marruecosaventuraviejes.com\/es\/#website"},"datePublished":"2023-01-03T15:28:30+00:00","dateModified":"2023-02-17T15:53:08+00:00","breadcrumb":{"@id":"https:\/\/marruecosaventuraviejes.com\/es\/visita-personalizada\/#breadcrumb"},"inLanguage":"es","potentialAction":[{"@type":"ReadAction","target":["https:\/\/marruecosaventuraviejes.com\/es\/visita-personalizada\/"]}]},{"@type":"BreadcrumbList","@id":"https:\/\/marruecosaventuraviejes.com\/es\/visita-personalizada\/#breadcrumb","itemListElement":[{"@type":"ListItem","position":1,"name":"Home","item":"https:\/\/marruecosaventuraviejes.com\/es\/visitarmorruecos\/"},{"@type":"ListItem","position":2,"name":"Visita personalizada"}]},{"@type":"WebSite","@id":"https:\/\/marruecosaventuraviejes.com\/es\/#website","url":"https:\/\/marruecosaventuraviejes.com\/es\/","name":"Visitar Morruecos","description":"","publisher":{"@id":"https:\/\/marruecosaventuraviejes.com\/es\/#organization"},"alternateName":"Visitar Morruecos","potentialAction":[{"@type":"SearchAction","target":{"@type":"EntryPoint","urlTemplate":"https:\/\/marruecosaventuraviejes.com\/es\/?s={search_term_string}"},"query-input":{"@type":"PropertyValueSpecification","valueRequired":true,"valueName":"search_term_string"}}],"inLanguage":"es"},{"@type":"Organization","@id":"https:\/\/marruecosaventuraviejes.com\/es\/#organization","name":"Visitar Morruecos","url":"https:\/\/marruecosaventuraviejes.com\/es\/","logo":{"@type":"ImageObject","inLanguage":"es","@id":"https:\/\/marruecosaventuraviejes.com\/es\/#\/schema\/logo\/image\/","url":"https:\/\/marruecosaventuraviejes.com\/wp-content\/uploads\/2023\/01\/logo-vm.png","contentUrl":"https:\/\/marruecosaventuraviejes.com\/wp-content\/uploads\/2023\/01\/logo-vm.png","width":7200,"height":3431,"caption":"Visitar Morruecos"},"image":{"@id":"https:\/\/marruecosaventuraviejes.com\/es\/#\/schema\/logo\/image\/"}}]}},"_links":{"self":[{"href":"https:\/\/marruecosaventuraviejes.com\/es\/wp-json\/wp\/v2\/pages\/14867","targetHints":{"allow":["GET"]}}],"collection":[{"href":"https:\/\/marruecosaventuraviejes.com\/es\/wp-json\/wp\/v2\/pages"}],"about":[{"href":"https:\/\/marruecosaventuraviejes.com\/es\/wp-json\/wp\/v2\/types\/page"}],"author":[{"embeddable":true,"href":"https:\/\/marruecosaventuraviejes.com\/es\/wp-json\/wp\/v2\/users\/1"}],"replies":[{"embeddable":true,"href":"https:\/\/marruecosaventuraviejes.com\/es\/wp-json\/wp\/v2\/comments?post=14867"}],"version-history":[{"count":4,"href":"https:\/\/marruecosaventuraviejes.com\/es\/wp-json\/wp\/v2\/pages\/14867\/revisions"}],"predecessor-version":[{"id":15209,"href":"https:\/\/marruecosaventuraviejes.com\/es\/wp-json\/wp\/v2\/pages\/14867\/revisions\/15209"}],"wp:attachment":[{"href":"https:\/\/marruecosaventuraviejes.com\/es\/wp-json\/wp\/v2\/media?parent=14867"}],"curies":[{"name":"wp","href":"https:\/\/api.w.org\/{rel}","templated":true}]}}