{"id":14861,"date":"2023-01-03T15:04:48","date_gmt":"2023-01-03T15:04:48","guid":{"rendered":"https:\/\/marruecosaventuraviejes.com\/blog\/"},"modified":"2023-02-15T00:19:20","modified_gmt":"2023-02-15T00:19:20","slug":"blog","status":"publish","type":"page","link":"https:\/\/marruecosaventuraviejes.com\/es\/blog\/","title":{"rendered":"Blog"},"content":{"rendered":"\t\t<div data-elementor-type=\"wp-page\" data-elementor-id=\"14861\" class=\"elementor elementor-14861 elementor-11431\" data-elementor-post-type=\"page\">\n\t\t\t\t\t\t<section class=\"elementor-section elementor-top-section elementor-element elementor-element-8744c46 elementor-section-boxed elementor-section-height-default elementor-section-height-default\" data-id=\"8744c46\" data-element_type=\"section\">\n\t\t\t\t\t\t<div class=\"elementor-container elementor-column-gap-default\">\n\t\t\t\t\t<div class=\"elementor-column elementor-col-100 elementor-top-column elementor-element elementor-element-b5d0e53\" data-id=\"b5d0e53\" data-element_type=\"column\">\n\t\t\t<div class=\"elementor-widget-wrap elementor-element-populated\">\n\t\t\t\t\t\t<div class=\"elementor-element elementor-element-b6de521 arrow-style-1 elementor-widget elementor-widget-triply-post-grid\" data-id=\"b6de521\" data-element_type=\"widget\" data-widget_type=\"triply-post-grid.default\">\n\t\t\t\t<div class=\"elementor-widget-container\">\n\t\t\t\t\t        <div class=\"elementor-post-wrapper layout-post-style-2\">\n            <div class=\"row\" data-elementor-columns=\"3\" data-elementor-columns-tablet=\"2\" data-elementor-columns-mobile=\"1\">\n                <div class=\"column-item post-style-2 hentry\">\n    <div class=\"post-inner\">\n                    <div class=\"post-thumbnail\">\n                <a href=\"https:\/\/marruecosaventuraviejes.com\/es\/explorar-la-combinacion-ideal-de-destinos-y-gastronomia\/\">\n                    <img fetchpriority=\"high\" decoding=\"async\" width=\"850\" height=\"600\" src=\"https:\/\/marruecosaventuraviejes.com\/wp-content\/uploads\/2023\/02\/visitar-morocco-850x600.jpg\" class=\"attachment-triply-tour-detail-gallery-3 size-triply-tour-detail-gallery-3 wp-post-image\" alt=\"\" \/>                <\/a>\n            <\/div><!-- .post-thumbnail -->\n\n                <div class=\"entry-content\">\n            <div class=\"entry-content-wrapper\">\n                <div class=\"entry-header\">\n                    <div class=\"entry-meta\">\n                        <span class=\"categories-link\"><span class=\"screen-reader-text\">Categories<\/span><a href=\"https:\/\/marruecosaventuraviejes.com\/es\/category\/alimentacion\/\" rel=\"category tag\">Alimentaci\u00f3n<\/a> <a href=\"https:\/\/marruecosaventuraviejes.com\/es\/category\/cultura\/\" rel=\"category tag\">Cultura<\/a> <a href=\"https:\/\/marruecosaventuraviejes.com\/es\/category\/historico\/\" rel=\"category tag\">Hist\u00f3rico<\/a> <a href=\"https:\/\/marruecosaventuraviejes.com\/es\/category\/sin-categorizar\/\" rel=\"category tag\">Sin categorizar<\/a><\/span><span class=\"posted-on\"><a href=\"https:\/\/marruecosaventuraviejes.com\/es\/explorar-la-combinacion-ideal-de-destinos-y-gastronomia\/\" rel=\"bookmark\"><time class=\"entry-date published\" datetime=\"2023-02-16T15:29:11+00:00\">febrero 16, 2023<\/time><time class=\"updated\" datetime=\"2023-02-16T15:55:26+00:00\">febrero 16, 2023<\/time><\/a><\/span> <span class=\"post-author\"><span>By <a href=\"https:\/\/marruecosaventuraviejes.com\/es\/author\/bourkimohamed396gmail-com\/\">bourkimohamed396@gmail.com<\/a><\/span><\/span>                    <\/div>\n                    <h3 class=\"entry-title\"><a href=\"https:\/\/marruecosaventuraviejes.com\/es\/explorar-la-combinacion-ideal-de-destinos-y-gastronomia\/\" rel=\"bookmark\">Explorar la combinaci\u00f3n ideal de destinos y gastronom\u00eda<\/a><\/h3>                <\/div>\n                <div class=\"entry-bottom\">\n                    <p>Explorar la combinaci\u00f3n ideal de destinos y gastronom\u00eda Si viaja a Marruecos en crucero, lo m\u00e1s probable es&hellip;<\/p>\n                <\/div>\n                <div class=\"more-link-wrap\"><a class=\"more-link\" href=\"https:\/\/marruecosaventuraviejes.com\/es\/explorar-la-combinacion-ideal-de-destinos-y-gastronomia\/\"><span>Read More<\/span><i class=\"triply-icon-long-arrow-right\"><\/i><\/a><\/div>\n            <\/div>\n        <\/div>\n    <\/div>\n<\/div>\n<div class=\"column-item post-style-2 hentry\">\n    <div class=\"post-inner\">\n                    <div class=\"post-thumbnail\">\n                <a href=\"https:\/\/marruecosaventuraviejes.com\/es\/aspectos-importantes-a-tener-en-cuenta-antes-de-viajar-a-marruecos\/\">\n                    <img decoding=\"async\" width=\"370\" height=\"260\" src=\"https:\/\/marruecosaventuraviejes.com\/wp-content\/uploads\/2023\/02\/Fes_Tannery-1-2-370x260-1.jpg\" class=\"attachment-triply-tour-detail-gallery-3 size-triply-tour-detail-gallery-3 wp-post-image\" alt=\"\" srcset=\"https:\/\/marruecosaventuraviejes.com\/wp-content\/uploads\/2023\/02\/Fes_Tannery-1-2-370x260-1.jpg 370w, https:\/\/marruecosaventuraviejes.com\/wp-content\/uploads\/2023\/02\/Fes_Tannery-1-2-370x260-1-300x211.jpg 300w\" sizes=\"(max-width: 370px) 100vw, 370px\" \/>                <\/a>\n            <\/div><!-- .post-thumbnail -->\n\n                <div class=\"entry-content\">\n            <div class=\"entry-content-wrapper\">\n                <div class=\"entry-header\">\n                    <div class=\"entry-meta\">\n                        <span class=\"categories-link\"><span class=\"screen-reader-text\">Categories<\/span><a href=\"https:\/\/marruecosaventuraviejes.com\/es\/category\/cultura\/\" rel=\"category tag\">Cultura<\/a> <a href=\"https:\/\/marruecosaventuraviejes.com\/es\/category\/historico\/\" rel=\"category tag\">Hist\u00f3rico<\/a> <a href=\"https:\/\/marruecosaventuraviejes.com\/es\/category\/sin-categorizar\/\" rel=\"category tag\">Sin categorizar<\/a><\/span><span class=\"posted-on\"><a href=\"https:\/\/marruecosaventuraviejes.com\/es\/aspectos-importantes-a-tener-en-cuenta-antes-de-viajar-a-marruecos\/\" rel=\"bookmark\"><time class=\"entry-date published\" datetime=\"2023-02-16T14:52:30+00:00\">febrero 16, 2023<\/time><time class=\"updated\" datetime=\"2023-02-16T15:47:32+00:00\">febrero 16, 2023<\/time><\/a><\/span> <span class=\"post-author\"><span>By <a href=\"https:\/\/marruecosaventuraviejes.com\/es\/author\/bourkimohamed396gmail-com\/\">bourkimohamed396@gmail.com<\/a><\/span><\/span>                    <\/div>\n                    <h3 class=\"entry-title\"><a href=\"https:\/\/marruecosaventuraviejes.com\/es\/aspectos-importantes-a-tener-en-cuenta-antes-de-viajar-a-marruecos\/\" rel=\"bookmark\">Aspectos importantes a tener en cuenta antes de viajar a Marruecos<\/a><\/h3>                <\/div>\n                <div class=\"entry-bottom\">\n                    <p>Aspectos importantes a tener en cuenta antes de viajar a Marruecos Marruecos es un destino vacacional ideal para&hellip;<\/p>\n                <\/div>\n                <div class=\"more-link-wrap\"><a class=\"more-link\" href=\"https:\/\/marruecosaventuraviejes.com\/es\/aspectos-importantes-a-tener-en-cuenta-antes-de-viajar-a-marruecos\/\"><span>Read More<\/span><i class=\"triply-icon-long-arrow-right\"><\/i><\/a><\/div>\n            <\/div>\n        <\/div>\n    <\/div>\n<\/div>\n<div class=\"column-item post-style-2 hentry\">\n    <div class=\"post-inner\">\n                    <div class=\"post-thumbnail\">\n                <a href=\"https:\/\/marruecosaventuraviejes.com\/es\/capital-cultural-de-marruecos-rabat-tambien-conocida-como-la-ciudad-de-la-luz\/\">\n                    <img decoding=\"async\" width=\"370\" height=\"260\" src=\"https:\/\/marruecosaventuraviejes.com\/wp-content\/uploads\/2023\/02\/Trip_to_Oaurzazade-378-370x260-1.jpg\" class=\"attachment-triply-tour-detail-gallery-3 size-triply-tour-detail-gallery-3 wp-post-image\" alt=\"\" srcset=\"https:\/\/marruecosaventuraviejes.com\/wp-content\/uploads\/2023\/02\/Trip_to_Oaurzazade-378-370x260-1.jpg 370w, https:\/\/marruecosaventuraviejes.com\/wp-content\/uploads\/2023\/02\/Trip_to_Oaurzazade-378-370x260-1-300x211.jpg 300w\" sizes=\"(max-width: 370px) 100vw, 370px\" \/>                <\/a>\n            <\/div><!-- .post-thumbnail -->\n\n                <div class=\"entry-content\">\n            <div class=\"entry-content-wrapper\">\n                <div class=\"entry-header\">\n                    <div class=\"entry-meta\">\n                        <span class=\"categories-link\"><span class=\"screen-reader-text\">Categories<\/span><a href=\"https:\/\/marruecosaventuraviejes.com\/es\/category\/alimentacion\/\" rel=\"category tag\">Alimentaci\u00f3n<\/a> <a href=\"https:\/\/marruecosaventuraviejes.com\/es\/category\/cultura\/\" rel=\"category tag\">Cultura<\/a> <a href=\"https:\/\/marruecosaventuraviejes.com\/es\/category\/historico\/\" rel=\"category tag\">Hist\u00f3rico<\/a> <a href=\"https:\/\/marruecosaventuraviejes.com\/es\/category\/sin-categorizar\/\" rel=\"category tag\">Sin categorizar<\/a><\/span><span class=\"posted-on\"><a href=\"https:\/\/marruecosaventuraviejes.com\/es\/capital-cultural-de-marruecos-rabat-tambien-conocida-como-la-ciudad-de-la-luz\/\" rel=\"bookmark\"><time class=\"entry-date published\" datetime=\"2023-02-16T14:48:15+00:00\">febrero 16, 2023<\/time><time class=\"updated\" datetime=\"2023-02-16T15:55:21+00:00\">febrero 16, 2023<\/time><\/a><\/span> <span class=\"post-author\"><span>By <a href=\"https:\/\/marruecosaventuraviejes.com\/es\/author\/bourkimohamed396gmail-com\/\">bourkimohamed396@gmail.com<\/a><\/span><\/span>                    <\/div>\n                    <h3 class=\"entry-title\"><a href=\"https:\/\/marruecosaventuraviejes.com\/es\/capital-cultural-de-marruecos-rabat-tambien-conocida-como-la-ciudad-de-la-luz\/\" rel=\"bookmark\">Capital cultural de Marruecos, Rabat, tambi\u00e9n conocida como la Ciudad de la Luz.<\/a><\/h3>                <\/div>\n                <div class=\"entry-bottom\">\n                    <p>Capital cultural de Marruecos, Rabat, tambi\u00e9n conocida como la Ciudad de la Luz. Rabat, la capital de Marruecos,&hellip;<\/p>\n                <\/div>\n                <div class=\"more-link-wrap\"><a class=\"more-link\" href=\"https:\/\/marruecosaventuraviejes.com\/es\/capital-cultural-de-marruecos-rabat-tambien-conocida-como-la-ciudad-de-la-luz\/\"><span>Read More<\/span><i class=\"triply-icon-long-arrow-right\"><\/i><\/a><\/div>\n            <\/div>\n        <\/div>\n    <\/div>\n<\/div>\n            <\/div>\n\n                    <\/div>\n        \t\t\t\t<\/div>\n\t\t\t\t<\/div>\n\t\t\t\t\t<\/div>\n\t\t<\/div>\n\t\t\t\t\t<\/div>\n\t\t<\/section>\n\t\t\t\t<\/div>\n\t\t","protected":false},"excerpt":{"rendered":"","protected":false},"author":1,"featured_media":0,"parent":0,"menu_order":0,"comment_status":"closed","ping_status":"closed","template":"","meta":{"inline_featured_image":false,"footnotes":""},"class_list":["post-14861","page","type-page","status-publish","hentry"],"yoast_head":"<!-- This site is optimized with the Yoast SEO plugin v24.5 - https:\/\/yoast.com\/wordpress\/plugins\/seo\/ -->\n<title>Blog - Marruecos Aaventura Viejes<\/title>\n<meta name=\"robots\" content=\"index, follow, max-snippet:-1, max-image-preview:large, max-video-preview:-1\" \/>\n<link rel=\"canonical\" href=\"https:\/\/marruecosaventuraviejes.com\/es\/blog\/\" \/>\n<meta property=\"og:locale\" content=\"es_ES\" \/>\n<meta property=\"og:type\" content=\"article\" \/>\n<meta property=\"og:title\" content=\"Blog - Marruecos Aaventura Viejes\" \/>\n<meta property=\"og:url\" content=\"https:\/\/marruecosaventuraviejes.com\/es\/blog\/\" \/>\n<meta property=\"og:site_name\" content=\"Marruecos Aaventura Viejes\" \/>\n<meta property=\"article:modified_time\" content=\"2023-02-15T00:19:20+00:00\" \/>\n<meta property=\"og:image\" content=\"https:\/\/marruecosaventuraviejes.com\/wp-content\/uploads\/2023\/01\/visitarmorruecos-1.png\" \/>\n\t<meta property=\"og:image:width\" content=\"6135\" \/>\n\t<meta property=\"og:image:height\" content=\"6143\" \/>\n\t<meta property=\"og:image:type\" content=\"image\/png\" \/>\n<meta name=\"twitter:card\" content=\"summary_large_image\" \/>\n<script type=\"application\/ld+json\" class=\"yoast-schema-graph\">{\"@context\":\"https:\/\/schema.org\",\"@graph\":[{\"@type\":\"WebPage\",\"@id\":\"https:\/\/marruecosaventuraviejes.com\/es\/blog\/\",\"url\":\"https:\/\/marruecosaventuraviejes.com\/es\/blog\/\",\"name\":\"Blog - Marruecos Aaventura Viejes\",\"isPartOf\":{\"@id\":\"https:\/\/marruecosaventuraviejes.com\/es\/#website\"},\"datePublished\":\"2023-01-03T15:04:48+00:00\",\"dateModified\":\"2023-02-15T00:19:20+00:00\",\"breadcrumb\":{\"@id\":\"https:\/\/marruecosaventuraviejes.com\/es\/blog\/#breadcrumb\"},\"inLanguage\":\"es\",\"potentialAction\":[{\"@type\":\"ReadAction\",\"target\":[\"https:\/\/marruecosaventuraviejes.com\/es\/blog\/\"]}]},{\"@type\":\"BreadcrumbList\",\"@id\":\"https:\/\/marruecosaventuraviejes.com\/es\/blog\/#breadcrumb\",\"itemListElement\":[{\"@type\":\"ListItem\",\"position\":1,\"name\":\"Home\",\"item\":\"https:\/\/marruecosaventuraviejes.com\/es\/visitarmorruecos\/\"},{\"@type\":\"ListItem\",\"position\":2,\"name\":\"Blog\"}]},{\"@type\":\"WebSite\",\"@id\":\"https:\/\/marruecosaventuraviejes.com\/es\/#website\",\"url\":\"https:\/\/marruecosaventuraviejes.com\/es\/\",\"name\":\"Visitar Morruecos\",\"description\":\"\",\"publisher\":{\"@id\":\"https:\/\/marruecosaventuraviejes.com\/es\/#organization\"},\"alternateName\":\"Visitar Morruecos\",\"potentialAction\":[{\"@type\":\"SearchAction\",\"target\":{\"@type\":\"EntryPoint\",\"urlTemplate\":\"https:\/\/marruecosaventuraviejes.com\/es\/?s={search_term_string}\"},\"query-input\":{\"@type\":\"PropertyValueSpecification\",\"valueRequired\":true,\"valueName\":\"search_term_string\"}}],\"inLanguage\":\"es\"},{\"@type\":\"Organization\",\"@id\":\"https:\/\/marruecosaventuraviejes.com\/es\/#organization\",\"name\":\"Visitar Morruecos\",\"url\":\"https:\/\/marruecosaventuraviejes.com\/es\/\",\"logo\":{\"@type\":\"ImageObject\",\"inLanguage\":\"es\",\"@id\":\"https:\/\/marruecosaventuraviejes.com\/es\/#\/schema\/logo\/image\/\",\"url\":\"https:\/\/marruecosaventuraviejes.com\/wp-content\/uploads\/2023\/01\/logo-vm.png\",\"contentUrl\":\"https:\/\/marruecosaventuraviejes.com\/wp-content\/uploads\/2023\/01\/logo-vm.png\",\"width\":7200,\"height\":3431,\"caption\":\"Visitar Morruecos\"},\"image\":{\"@id\":\"https:\/\/marruecosaventuraviejes.com\/es\/#\/schema\/logo\/image\/\"}}]}<\/script>\n<!-- \/ Yoast SEO plugin. -->","yoast_head_json":{"title":"Blog - Marruecos Aaventura Viejes","robots":{"index":"index","follow":"follow","max-snippet":"max-snippet:-1","max-image-preview":"max-image-preview:large","max-video-preview":"max-video-preview:-1"},"canonical":"https:\/\/marruecosaventuraviejes.com\/es\/blog\/","og_locale":"es_ES","og_type":"article","og_title":"Blog - Marruecos Aaventura Viejes","og_url":"https:\/\/marruecosaventuraviejes.com\/es\/blog\/","og_site_name":"Marruecos Aaventura Viejes","article_modified_time":"2023-02-15T00:19:20+00:00","og_image":[{"width":6135,"height":6143,"url":"https:\/\/marruecosaventuraviejes.com\/wp-content\/uploads\/2023\/01\/visitarmorruecos-1.png","type":"image\/png"}],"twitter_card":"summary_large_image","schema":{"@context":"https:\/\/schema.org","@graph":[{"@type":"WebPage","@id":"https:\/\/marruecosaventuraviejes.com\/es\/blog\/","url":"https:\/\/marruecosaventuraviejes.com\/es\/blog\/","name":"Blog - Marruecos Aaventura Viejes","isPartOf":{"@id":"https:\/\/marruecosaventuraviejes.com\/es\/#website"},"datePublished":"2023-01-03T15:04:48+00:00","dateModified":"2023-02-15T00:19:20+00:00","breadcrumb":{"@id":"https:\/\/marruecosaventuraviejes.com\/es\/blog\/#breadcrumb"},"inLanguage":"es","potentialAction":[{"@type":"ReadAction","target":["https:\/\/marruecosaventuraviejes.com\/es\/blog\/"]}]},{"@type":"BreadcrumbList","@id":"https:\/\/marruecosaventuraviejes.com\/es\/blog\/#breadcrumb","itemListElement":[{"@type":"ListItem","position":1,"name":"Home","item":"https:\/\/marruecosaventuraviejes.com\/es\/visitarmorruecos\/"},{"@type":"ListItem","position":2,"name":"Blog"}]},{"@type":"WebSite","@id":"https:\/\/marruecosaventuraviejes.com\/es\/#website","url":"https:\/\/marruecosaventuraviejes.com\/es\/","name":"Visitar Morruecos","description":"","publisher":{"@id":"https:\/\/marruecosaventuraviejes.com\/es\/#organization"},"alternateName":"Visitar Morruecos","potentialAction":[{"@type":"SearchAction","target":{"@type":"EntryPoint","urlTemplate":"https:\/\/marruecosaventuraviejes.com\/es\/?s={search_term_string}"},"query-input":{"@type":"PropertyValueSpecification","valueRequired":true,"valueName":"search_term_string"}}],"inLanguage":"es"},{"@type":"Organization","@id":"https:\/\/marruecosaventuraviejes.com\/es\/#organization","name":"Visitar Morruecos","url":"https:\/\/marruecosaventuraviejes.com\/es\/","logo":{"@type":"ImageObject","inLanguage":"es","@id":"https:\/\/marruecosaventuraviejes.com\/es\/#\/schema\/logo\/image\/","url":"https:\/\/marruecosaventuraviejes.com\/wp-content\/uploads\/2023\/01\/logo-vm.png","contentUrl":"https:\/\/marruecosaventuraviejes.com\/wp-content\/uploads\/2023\/01\/logo-vm.png","width":7200,"height":3431,"caption":"Visitar Morruecos"},"image":{"@id":"https:\/\/marruecosaventuraviejes.com\/es\/#\/schema\/logo\/image\/"}}]}},"_links":{"self":[{"href":"https:\/\/marruecosaventuraviejes.com\/es\/wp-json\/wp\/v2\/pages\/14861","targetHints":{"allow":["GET"]}}],"collection":[{"href":"https:\/\/marruecosaventuraviejes.com\/es\/wp-json\/wp\/v2\/pages"}],"about":[{"href":"https:\/\/marruecosaventuraviejes.com\/es\/wp-json\/wp\/v2\/types\/page"}],"author":[{"embeddable":true,"href":"https:\/\/marruecosaventuraviejes.com\/es\/wp-json\/wp\/v2\/users\/1"}],"replies":[{"embeddable":true,"href":"https:\/\/marruecosaventuraviejes.com\/es\/wp-json\/wp\/v2\/comments?post=14861"}],"version-history":[{"count":1,"href":"https:\/\/marruecosaventuraviejes.com\/es\/wp-json\/wp\/v2\/pages\/14861\/revisions"}],"predecessor-version":[{"id":14862,"href":"https:\/\/marruecosaventuraviejes.com\/es\/wp-json\/wp\/v2\/pages\/14861\/revisions\/14862"}],"wp:attachment":[{"href":"https:\/\/marruecosaventuraviejes.com\/es\/wp-json\/wp\/v2\/media?parent=14861"}],"curies":[{"name":"wp","href":"https:\/\/api.w.org\/{rel}","templated":true}]}}