{"id":14852,"date":"2023-01-03T13:59:27","date_gmt":"2023-01-03T13:59:27","guid":{"rendered":"https:\/\/marruecosaventuraviejes.com\/contactenos\/"},"modified":"2023-02-17T15:53:20","modified_gmt":"2023-02-17T15:53:20","slug":"contactenos","status":"publish","type":"page","link":"https:\/\/marruecosaventuraviejes.com\/es\/contactenos\/","title":{"rendered":"Cont\u00e1ctenos"},"content":{"rendered":"\t\t<div data-elementor-type=\"wp-page\" data-elementor-id=\"14852\" class=\"elementor elementor-14852 elementor-11348\" data-elementor-post-type=\"page\">\n\t\t\t\t\t\t<section class=\"elementor-section elementor-top-section elementor-element elementor-element-8fb78ca elementor-section-boxed elementor-section-height-default elementor-section-height-default\" data-id=\"8fb78ca\" data-element_type=\"section\" data-e-type=\"section\">\n\t\t\t\t\t\t<div class=\"elementor-container elementor-column-gap-default\">\n\t\t\t\t\t<div class=\"elementor-column elementor-col-100 elementor-top-column elementor-element elementor-element-3eea702\" data-id=\"3eea702\" data-element_type=\"column\" data-e-type=\"column\">\n\t\t\t<div class=\"elementor-widget-wrap elementor-element-populated\">\n\t\t\t\t\t\t<section class=\"elementor-section elementor-inner-section elementor-element elementor-element-2fe14fa elementor-section-boxed elementor-section-height-default elementor-section-height-default\" data-id=\"2fe14fa\" data-element_type=\"section\" data-e-type=\"section\">\n\t\t\t\t\t\t<div class=\"elementor-container elementor-column-gap-default\">\n\t\t\t\t\t<div class=\"elementor-column elementor-col-50 elementor-inner-column elementor-element elementor-element-fa9133b\" data-id=\"fa9133b\" data-element_type=\"column\" data-e-type=\"column\">\n\t\t\t<div class=\"elementor-widget-wrap elementor-element-populated\">\n\t\t\t\t\t\t<div class=\"elementor-element elementor-element-aeff0a7 elementor-widget elementor-widget-heading\" data-id=\"aeff0a7\" data-element_type=\"widget\" data-e-type=\"widget\" data-widget_type=\"heading.default\">\n\t\t\t\t\t<h2 class=\"elementor-heading-title elementor-size-default\">Cont\u00e1ctenos<\/h2>\t\t\t\t<\/div>\n\t\t\t\t<div class=\"elementor-element elementor-element-1e72224 elementor-widget elementor-widget-text-editor\" data-id=\"1e72224\" data-element_type=\"widget\" data-e-type=\"widget\" data-widget_type=\"text-editor.default\">\n\t\t\t\t\t\t\t\t\t<p><span style=\"color: #000000;\">Estamos siempre disponibles y encantados de hablar con usted. Si tiene una pregunta, una duda o simplemente quiere charlar, estamos aqu\u00ed para ayudarle. Puede ponerse en contacto con nosotros por tel\u00e9fono, correo electr\u00f3nico o rellenando nuestro formulario de consulta. Entendemos que planificar un viaje puede ser abrumador, por eso estamos aqu\u00ed para guiarle en cada paso del camino. Nos enorgullecemos de ser accesibles y f\u00e1ciles de tratar, as\u00ed que no dude en ponerse en contacto con nosotros si tiene alguna pregunta o duda. Esperamos tener noticias suyas y ayudarle a planificar el viaje de su vida.<\/span><\/p>\n\t\t\t\t\t\t\t\t<\/div>\n\t\t\t\t\t<\/div>\n\t\t<\/div>\n\t\t\t\t<div class=\"elementor-column elementor-col-50 elementor-inner-column elementor-element elementor-element-3424f95\" data-id=\"3424f95\" data-element_type=\"column\" data-e-type=\"column\">\n\t\t\t<div class=\"elementor-widget-wrap elementor-element-populated\">\n\t\t\t\t\t\t<div class=\"elementor-element elementor-element-b6dd9e2 elementor-widget elementor-widget-image\" data-id=\"b6dd9e2\" data-element_type=\"widget\" data-e-type=\"widget\" data-widget_type=\"image.default\">\n\t\t\t\t\t\t\t\t\t\t\t\t\t\t\t<img fetchpriority=\"high\" decoding=\"async\" width=\"980\" height=\"980\" src=\"https:\/\/marruecosaventuraviejes.com\/wp-content\/uploads\/2023\/01\/visitarmorruecos-1-1024x1024.png\" class=\"attachment-large size-large wp-image-14720\" alt=\"\" srcset=\"https:\/\/marruecosaventuraviejes.com\/wp-content\/uploads\/2023\/01\/visitarmorruecos-1-1024x1024.png 1024w, https:\/\/marruecosaventuraviejes.com\/wp-content\/uploads\/2023\/01\/visitarmorruecos-1-300x300.png 300w, https:\/\/marruecosaventuraviejes.com\/wp-content\/uploads\/2023\/01\/visitarmorruecos-1-768x769.png 768w, https:\/\/marruecosaventuraviejes.com\/wp-content\/uploads\/2023\/01\/visitarmorruecos-1-2045x2048.png 2045w, https:\/\/marruecosaventuraviejes.com\/wp-content\/uploads\/2023\/01\/elementor\/thumbs\/visitarmorruecos-1-q15woprn11b7adtio1me9ihch9e9x9wzpfg70mx13k.png 200w, https:\/\/marruecosaventuraviejes.com\/wp-content\/uploads\/2023\/01\/elementor\/thumbs\/visitarmorruecos-1-q15woprmf3wzhdqngl6t7h25ylagleb4rj5lxxof30.png 150w, https:\/\/marruecosaventuraviejes.com\/wp-content\/uploads\/2023\/01\/elementor\/thumbs\/visitarmorruecos-1-q15woprlbn0716eahkerb03n0zhzstezgx0yeo8x20.png 60w, https:\/\/marruecosaventuraviejes.com\/wp-content\/uploads\/2023\/01\/elementor\/thumbs\/visitarmorruecos-1-q15woprlt6irodns94r85fmzfx6n9ip9tmv0v8ft2g.png 100w, https:\/\/marruecosaventuraviejes.com\/wp-content\/uploads\/2023\/01\/elementor\/thumbs\/visitarmorruecos-1-q15woprl794jvdkx1obn3e7sx92txn3evqkfsj771w.png 50w, https:\/\/marruecosaventuraviejes.com\/wp-content\/uploads\/2023\/01\/elementor\/thumbs\/visitarmorruecos-1-q15woprpgqw2ie4zhvcqho62jxtj8scfh0mjbfvh5s.png 400w, https:\/\/marruecosaventuraviejes.com\/wp-content\/uploads\/2023\/01\/elementor\/thumbs\/visitarmorruecos-1-q15woprouthupe24aex5fmqw19ppwwqkj4by8qmv58.png 350w, https:\/\/marruecosaventuraviejes.com\/wp-content\/uploads\/2023\/01\/elementor\/thumbs\/visitarmorruecos-1-q15woprohnux7zlzyqnsst3dq2g8bdrurkyeebhp4w.png 320w\" sizes=\"(max-width: 980px) 100vw, 980px\" \/>\t\t\t\t\t\t\t\t\t\t\t\t\t\t\t<\/div>\n\t\t\t\t\t<\/div>\n\t\t<\/div>\n\t\t\t\t\t<\/div>\n\t\t<\/section>\n\t\t\t\t<div class=\"elementor-element elementor-element-fb1ec72 elementor-button-align-start elementor-mobile-button-align-center elementor-widget elementor-widget-form\" data-id=\"fb1ec72\" data-element_type=\"widget\" data-e-type=\"widget\" data-settings=\"{&quot;step_next_label&quot;:&quot;Pr\\u00f3ximo&quot;,&quot;step_previous_label&quot;:&quot;Anterior&quot;,&quot;button_width&quot;:&quot;100&quot;,&quot;step_type&quot;:&quot;number_text&quot;,&quot;step_icon_shape&quot;:&quot;circle&quot;}\" data-widget_type=\"form.default\">\n\t\t\t\t\t\t\t<form class=\"elementor-form\" method=\"post\" name=\"Cont\u00e1ctenos\" aria-label=\"Cont\u00e1ctenos\">\n\t\t\t<input type=\"hidden\" name=\"post_id\" value=\"14852\"\/>\n\t\t\t<input type=\"hidden\" name=\"form_id\" value=\"fb1ec72\"\/>\n\t\t\t<input type=\"hidden\" name=\"referer_title\" value=\"Cont\u00e1ctenos - Marruecos Aaventura Viejes\" \/>\n\n\t\t\t\t\t\t\t<input type=\"hidden\" name=\"queried_id\" value=\"14852\"\/>\n\t\t\t\n\t\t\t<div class=\"elementor-form-fields-wrapper elementor-labels-above\">\n\t\t\t\t\t\t\t\t<div class=\"elementor-field-type-text elementor-field-group elementor-column elementor-field-group-name elementor-col-100 elementor-field-required elementor-mark-required\">\n\t\t\t\t\t\t\t\t\t\t\t\t\t<input size=\"1\" type=\"text\" name=\"form_fields[name]\" id=\"form-field-name\" class=\"elementor-field elementor-size-sm  elementor-field-textual\" placeholder=\"Tu nombre *\" required=\"required\">\n\t\t\t\t\t\t\t\t\t\t\t<\/div>\n\t\t\t\t\t\t\t\t<div class=\"elementor-field-type-text elementor-field-group elementor-column elementor-field-group-field_0368a4e elementor-col-100 elementor-field-required elementor-mark-required\">\n\t\t\t\t\t\t\t\t\t\t\t\t\t<input size=\"1\" type=\"text\" name=\"form_fields[field_0368a4e]\" id=\"form-field-field_0368a4e\" class=\"elementor-field elementor-size-sm  elementor-field-textual\" placeholder=\"Pa\u00eds *\" required=\"required\">\n\t\t\t\t\t\t\t\t\t\t\t<\/div>\n\t\t\t\t\t\t\t\t<div class=\"elementor-field-type-email elementor-field-group elementor-column elementor-field-group-email elementor-col-100 elementor-field-required elementor-mark-required\">\n\t\t\t\t\t\t\t\t\t\t\t\t\t<input size=\"1\" type=\"email\" name=\"form_fields[email]\" id=\"form-field-email\" class=\"elementor-field elementor-size-sm  elementor-field-textual\" placeholder=\"Su correo electr\u00f3nico *\" required=\"required\">\n\t\t\t\t\t\t\t\t\t\t\t<\/div>\n\t\t\t\t\t\t\t\t<div class=\"elementor-field-type-textarea elementor-field-group elementor-column elementor-field-group-message elementor-col-100 elementor-field-required elementor-mark-required\">\n\t\t\t\t\t<textarea class=\"elementor-field-textual elementor-field  elementor-size-sm\" name=\"form_fields[message]\" id=\"form-field-message\" rows=\"6\" placeholder=\"Mensaje\" required=\"required\"><\/textarea>\t\t\t\t<\/div>\n\t\t\t\t\t\t\t\t<div class=\"elementor-field-group elementor-column elementor-field-type-submit elementor-col-100 e-form__buttons\">\n\t\t\t\t\t<button class=\"elementor-button elementor-size-sm\" type=\"submit\">\n\t\t\t\t\t\t<span class=\"elementor-button-content-wrapper\">\n\t\t\t\t\t\t\t\t\t\t\t\t\t\t\t\t\t\t\t\t\t\t<span class=\"elementor-button-text\">Enviar<\/span>\n\t\t\t\t\t\t\t\t\t\t\t\t\t<\/span>\n\t\t\t\t\t<\/button>\n\t\t\t\t<\/div>\n\t\t\t<\/div>\n\t\t<\/form>\n\t\t\t\t\t\t<\/div>\n\t\t\t\t\t<\/div>\n\t\t<\/div>\n\t\t\t\t\t<\/div>\n\t\t<\/section>\n\t\t\t\t<\/div>\n\t\t","protected":false},"excerpt":{"rendered":"<p>Cont\u00e1ctenos Estamos siempre disponibles y encantados de hablar con usted. Si tiene una pregunta, una duda o simplemente quiere charlar, estamos aqu\u00ed para ayudarle. Puede ponerse en contacto con nosotros por tel\u00e9fono, correo electr\u00f3nico o rellenando nuestro formulario de consulta. Entendemos que planificar un viaje puede ser abrumador, por eso estamos aqu\u00ed para guiarle en [&hellip;]<\/p>\n","protected":false},"author":1,"featured_media":0,"parent":0,"menu_order":0,"comment_status":"closed","ping_status":"closed","template":"","meta":{"inline_featured_image":false,"footnotes":""},"class_list":["post-14852","page","type-page","status-publish","hentry"],"yoast_head":"<!-- This site is optimized with the Yoast SEO plugin v24.5 - https:\/\/yoast.com\/wordpress\/plugins\/seo\/ -->\n<title>Cont\u00e1ctenos - Marruecos Aaventura Viejes<\/title>\n<meta name=\"robots\" content=\"index, follow, max-snippet:-1, max-image-preview:large, max-video-preview:-1\" \/>\n<link rel=\"canonical\" href=\"https:\/\/marruecosaventuraviejes.com\/es\/contactenos\/\" \/>\n<meta property=\"og:locale\" content=\"es_ES\" \/>\n<meta property=\"og:type\" content=\"article\" \/>\n<meta property=\"og:title\" content=\"Cont\u00e1ctenos - Marruecos Aaventura Viejes\" \/>\n<meta property=\"og:description\" content=\"Cont\u00e1ctenos Estamos siempre disponibles y encantados de hablar con usted. Si tiene una pregunta, una duda o simplemente quiere charlar, estamos aqu\u00ed para ayudarle. Puede ponerse en contacto con nosotros por tel\u00e9fono, correo electr\u00f3nico o rellenando nuestro formulario de consulta. Entendemos que planificar un viaje puede ser abrumador, por eso estamos aqu\u00ed para guiarle en [&hellip;]\" \/>\n<meta property=\"og:url\" content=\"https:\/\/marruecosaventuraviejes.com\/es\/contactenos\/\" \/>\n<meta property=\"og:site_name\" content=\"Marruecos Aaventura Viejes\" \/>\n<meta property=\"article:modified_time\" content=\"2023-02-17T15:53:20+00:00\" \/>\n<meta property=\"og:image\" content=\"https:\/\/marruecosaventuraviejes.com\/wp-content\/uploads\/2023\/01\/visitarmorruecos-1-1024x1024.png\" \/>\n<meta name=\"twitter:card\" content=\"summary_large_image\" \/>\n<meta name=\"twitter:label1\" content=\"Tiempo de lectura\" \/>\n\t<meta name=\"twitter:data1\" content=\"1 minuto\" \/>\n<script type=\"application\/ld+json\" class=\"yoast-schema-graph\">{\"@context\":\"https:\/\/schema.org\",\"@graph\":[{\"@type\":\"WebPage\",\"@id\":\"https:\/\/marruecosaventuraviejes.com\/es\/contactenos\/\",\"url\":\"https:\/\/marruecosaventuraviejes.com\/es\/contactenos\/\",\"name\":\"Cont\u00e1ctenos - Marruecos Aaventura Viejes\",\"isPartOf\":{\"@id\":\"https:\/\/marruecosaventuraviejes.com\/es\/#website\"},\"primaryImageOfPage\":{\"@id\":\"https:\/\/marruecosaventuraviejes.com\/es\/contactenos\/#primaryimage\"},\"image\":{\"@id\":\"https:\/\/marruecosaventuraviejes.com\/es\/contactenos\/#primaryimage\"},\"thumbnailUrl\":\"https:\/\/marruecosaventuraviejes.com\/wp-content\/uploads\/2023\/01\/visitarmorruecos-1-1024x1024.png\",\"datePublished\":\"2023-01-03T13:59:27+00:00\",\"dateModified\":\"2023-02-17T15:53:20+00:00\",\"breadcrumb\":{\"@id\":\"https:\/\/marruecosaventuraviejes.com\/es\/contactenos\/#breadcrumb\"},\"inLanguage\":\"es\",\"potentialAction\":[{\"@type\":\"ReadAction\",\"target\":[\"https:\/\/marruecosaventuraviejes.com\/es\/contactenos\/\"]}]},{\"@type\":\"ImageObject\",\"inLanguage\":\"es\",\"@id\":\"https:\/\/marruecosaventuraviejes.com\/es\/contactenos\/#primaryimage\",\"url\":\"https:\/\/marruecosaventuraviejes.com\/wp-content\/uploads\/2023\/01\/visitarmorruecos-1-1024x1024.png\",\"contentUrl\":\"https:\/\/marruecosaventuraviejes.com\/wp-content\/uploads\/2023\/01\/visitarmorruecos-1-1024x1024.png\"},{\"@type\":\"BreadcrumbList\",\"@id\":\"https:\/\/marruecosaventuraviejes.com\/es\/contactenos\/#breadcrumb\",\"itemListElement\":[{\"@type\":\"ListItem\",\"position\":1,\"name\":\"Home\",\"item\":\"https:\/\/marruecosaventuraviejes.com\/es\/visitarmorruecos\/\"},{\"@type\":\"ListItem\",\"position\":2,\"name\":\"Cont\u00e1ctenos\"}]},{\"@type\":\"WebSite\",\"@id\":\"https:\/\/marruecosaventuraviejes.com\/es\/#website\",\"url\":\"https:\/\/marruecosaventuraviejes.com\/es\/\",\"name\":\"Visitar Morruecos\",\"description\":\"\",\"publisher\":{\"@id\":\"https:\/\/marruecosaventuraviejes.com\/es\/#organization\"},\"alternateName\":\"Visitar Morruecos\",\"potentialAction\":[{\"@type\":\"SearchAction\",\"target\":{\"@type\":\"EntryPoint\",\"urlTemplate\":\"https:\/\/marruecosaventuraviejes.com\/es\/?s={search_term_string}\"},\"query-input\":{\"@type\":\"PropertyValueSpecification\",\"valueRequired\":true,\"valueName\":\"search_term_string\"}}],\"inLanguage\":\"es\"},{\"@type\":\"Organization\",\"@id\":\"https:\/\/marruecosaventuraviejes.com\/es\/#organization\",\"name\":\"Visitar Morruecos\",\"url\":\"https:\/\/marruecosaventuraviejes.com\/es\/\",\"logo\":{\"@type\":\"ImageObject\",\"inLanguage\":\"es\",\"@id\":\"https:\/\/marruecosaventuraviejes.com\/es\/#\/schema\/logo\/image\/\",\"url\":\"https:\/\/marruecosaventuraviejes.com\/wp-content\/uploads\/2023\/01\/logo-vm.png\",\"contentUrl\":\"https:\/\/marruecosaventuraviejes.com\/wp-content\/uploads\/2023\/01\/logo-vm.png\",\"width\":7200,\"height\":3431,\"caption\":\"Visitar Morruecos\"},\"image\":{\"@id\":\"https:\/\/marruecosaventuraviejes.com\/es\/#\/schema\/logo\/image\/\"}}]}<\/script>\n<!-- \/ Yoast SEO plugin. -->","yoast_head_json":{"title":"Cont\u00e1ctenos - Marruecos Aaventura Viejes","robots":{"index":"index","follow":"follow","max-snippet":"max-snippet:-1","max-image-preview":"max-image-preview:large","max-video-preview":"max-video-preview:-1"},"canonical":"https:\/\/marruecosaventuraviejes.com\/es\/contactenos\/","og_locale":"es_ES","og_type":"article","og_title":"Cont\u00e1ctenos - Marruecos Aaventura Viejes","og_description":"Cont\u00e1ctenos Estamos siempre disponibles y encantados de hablar con usted. Si tiene una pregunta, una duda o simplemente quiere charlar, estamos aqu\u00ed para ayudarle. Puede ponerse en contacto con nosotros por tel\u00e9fono, correo electr\u00f3nico o rellenando nuestro formulario de consulta. Entendemos que planificar un viaje puede ser abrumador, por eso estamos aqu\u00ed para guiarle en [&hellip;]","og_url":"https:\/\/marruecosaventuraviejes.com\/es\/contactenos\/","og_site_name":"Marruecos Aaventura Viejes","article_modified_time":"2023-02-17T15:53:20+00:00","og_image":[{"url":"https:\/\/marruecosaventuraviejes.com\/wp-content\/uploads\/2023\/01\/visitarmorruecos-1-1024x1024.png","type":"","width":"","height":""}],"twitter_card":"summary_large_image","twitter_misc":{"Tiempo de lectura":"1 minuto"},"schema":{"@context":"https:\/\/schema.org","@graph":[{"@type":"WebPage","@id":"https:\/\/marruecosaventuraviejes.com\/es\/contactenos\/","url":"https:\/\/marruecosaventuraviejes.com\/es\/contactenos\/","name":"Cont\u00e1ctenos - Marruecos Aaventura Viejes","isPartOf":{"@id":"https:\/\/marruecosaventuraviejes.com\/es\/#website"},"primaryImageOfPage":{"@id":"https:\/\/marruecosaventuraviejes.com\/es\/contactenos\/#primaryimage"},"image":{"@id":"https:\/\/marruecosaventuraviejes.com\/es\/contactenos\/#primaryimage"},"thumbnailUrl":"https:\/\/marruecosaventuraviejes.com\/wp-content\/uploads\/2023\/01\/visitarmorruecos-1-1024x1024.png","datePublished":"2023-01-03T13:59:27+00:00","dateModified":"2023-02-17T15:53:20+00:00","breadcrumb":{"@id":"https:\/\/marruecosaventuraviejes.com\/es\/contactenos\/#breadcrumb"},"inLanguage":"es","potentialAction":[{"@type":"ReadAction","target":["https:\/\/marruecosaventuraviejes.com\/es\/contactenos\/"]}]},{"@type":"ImageObject","inLanguage":"es","@id":"https:\/\/marruecosaventuraviejes.com\/es\/contactenos\/#primaryimage","url":"https:\/\/marruecosaventuraviejes.com\/wp-content\/uploads\/2023\/01\/visitarmorruecos-1-1024x1024.png","contentUrl":"https:\/\/marruecosaventuraviejes.com\/wp-content\/uploads\/2023\/01\/visitarmorruecos-1-1024x1024.png"},{"@type":"BreadcrumbList","@id":"https:\/\/marruecosaventuraviejes.com\/es\/contactenos\/#breadcrumb","itemListElement":[{"@type":"ListItem","position":1,"name":"Home","item":"https:\/\/marruecosaventuraviejes.com\/es\/visitarmorruecos\/"},{"@type":"ListItem","position":2,"name":"Cont\u00e1ctenos"}]},{"@type":"WebSite","@id":"https:\/\/marruecosaventuraviejes.com\/es\/#website","url":"https:\/\/marruecosaventuraviejes.com\/es\/","name":"Visitar Morruecos","description":"","publisher":{"@id":"https:\/\/marruecosaventuraviejes.com\/es\/#organization"},"alternateName":"Visitar Morruecos","potentialAction":[{"@type":"SearchAction","target":{"@type":"EntryPoint","urlTemplate":"https:\/\/marruecosaventuraviejes.com\/es\/?s={search_term_string}"},"query-input":{"@type":"PropertyValueSpecification","valueRequired":true,"valueName":"search_term_string"}}],"inLanguage":"es"},{"@type":"Organization","@id":"https:\/\/marruecosaventuraviejes.com\/es\/#organization","name":"Visitar Morruecos","url":"https:\/\/marruecosaventuraviejes.com\/es\/","logo":{"@type":"ImageObject","inLanguage":"es","@id":"https:\/\/marruecosaventuraviejes.com\/es\/#\/schema\/logo\/image\/","url":"https:\/\/marruecosaventuraviejes.com\/wp-content\/uploads\/2023\/01\/logo-vm.png","contentUrl":"https:\/\/marruecosaventuraviejes.com\/wp-content\/uploads\/2023\/01\/logo-vm.png","width":7200,"height":3431,"caption":"Visitar Morruecos"},"image":{"@id":"https:\/\/marruecosaventuraviejes.com\/es\/#\/schema\/logo\/image\/"}}]}},"_links":{"self":[{"href":"https:\/\/marruecosaventuraviejes.com\/es\/wp-json\/wp\/v2\/pages\/14852","targetHints":{"allow":["GET"]}}],"collection":[{"href":"https:\/\/marruecosaventuraviejes.com\/es\/wp-json\/wp\/v2\/pages"}],"about":[{"href":"https:\/\/marruecosaventuraviejes.com\/es\/wp-json\/wp\/v2\/types\/page"}],"author":[{"embeddable":true,"href":"https:\/\/marruecosaventuraviejes.com\/es\/wp-json\/wp\/v2\/users\/1"}],"replies":[{"embeddable":true,"href":"https:\/\/marruecosaventuraviejes.com\/es\/wp-json\/wp\/v2\/comments?post=14852"}],"version-history":[{"count":10,"href":"https:\/\/marruecosaventuraviejes.com\/es\/wp-json\/wp\/v2\/pages\/14852\/revisions"}],"predecessor-version":[{"id":15213,"href":"https:\/\/marruecosaventuraviejes.com\/es\/wp-json\/wp\/v2\/pages\/14852\/revisions\/15213"}],"wp:attachment":[{"href":"https:\/\/marruecosaventuraviejes.com\/es\/wp-json\/wp\/v2\/media?parent=14852"}],"curies":[{"name":"wp","href":"https:\/\/api.w.org\/{rel}","templated":true}]}}